{"id":8,"date":"2023-02-07T13:50:28","date_gmt":"2023-02-07T13:50:28","guid":{"rendered":"https:\/\/lgconsultoriaecoaching.com.cv\/?page_id=8"},"modified":"2023-02-08T20:34:30","modified_gmt":"2023-02-08T20:34:30","slug":"quem-somos","status":"publish","type":"page","link":"https:\/\/lgconsultoriaecoaching.com.cv\/index.php\/quem-somos\/","title":{"rendered":"QUEM SOMOS"},"content":{"rendered":"\n<figure class=\"wp-block-image aligncenter size-full is-resized is-style-rounded\"><img loading=\"lazy\" decoding=\"async\" src=\"https:\/\/lgconsultoriaecoaching.com.cv\/wp-content\/uploads\/2023\/02\/ilustracao-do-icone-de-aperto-de-mao-dourado_118339-536.png\" alt=\"\" class=\"wp-image-122\" width=\"313\" height=\"253\"\/><\/figure>\n\n\n\n<p class=\"has-text-align-left has-black-color has-luminous-vivid-amber-background-color has-text-color has-background has-regular-font-size\"><strong>Somos uma empresa Cabo-Verdiana, digna, respeitadora e comprometida, tamb\u00e9m, com os princ\u00edpios de sustentabilidade ambiental e direitos humanos; e com as normas \u00e9ticas e deontol\u00f3gicas.<\/strong><\/p>\n\n\n\n<p class=\"has-text-align-left has-luminous-vivid-amber-background-color has-background has-regular-font-size\"><strong>Prestamos servi\u00e7os de consultoria empresarial e de coaching, respetivamente para qualquer tipo de empresa, e, de \u00e2mbito executivo empresarial e social de vida. Contribu\u00edmos com solu\u00e7\u00f5es estrat\u00e9gicas, visando crescimento e o desenvolvimento de neg\u00f3cios e ideias.<\/strong><\/p>\n","protected":false},"excerpt":{"rendered":"<p>Somos uma empresa Cabo-Verdiana, digna, respeitadora e comprometida, tamb\u00e9m, com os princ\u00edpios de sustentabilidade ambiental e direitos humanos; e com as normas \u00e9ticas e deontol\u00f3gicas. Prestamos servi\u00e7os de consultoria empresarial e de coaching, respetivamente para qualquer tipo de empresa, e, de \u00e2mbito executivo empresarial e social de vida. Contribu\u00edmos com solu\u00e7\u00f5es estrat\u00e9gicas, visando crescimento e [&hellip;]<\/p>\n","protected":false},"author":1,"featured_media":0,"parent":0,"menu_order":0,"comment_status":"closed","ping_status":"closed","template":"","meta":{"footnotes":""},"class_list":["post-8","page","type-page","status-publish","hentry"],"_links":{"self":[{"href":"https:\/\/lgconsultoriaecoaching.com.cv\/index.php\/wp-json\/wp\/v2\/pages\/8","targetHints":{"allow":["GET"]}}],"collection":[{"href":"https:\/\/lgconsultoriaecoaching.com.cv\/index.php\/wp-json\/wp\/v2\/pages"}],"about":[{"href":"https:\/\/lgconsultoriaecoaching.com.cv\/index.php\/wp-json\/wp\/v2\/types\/page"}],"author":[{"embeddable":true,"href":"https:\/\/lgconsultoriaecoaching.com.cv\/index.php\/wp-json\/wp\/v2\/users\/1"}],"replies":[{"embeddable":true,"href":"https:\/\/lgconsultoriaecoaching.com.cv\/index.php\/wp-json\/wp\/v2\/comments?post=8"}],"version-history":[{"count":6,"href":"https:\/\/lgconsultoriaecoaching.com.cv\/index.php\/wp-json\/wp\/v2\/pages\/8\/revisions"}],"predecessor-version":[{"id":168,"href":"https:\/\/lgconsultoriaecoaching.com.cv\/index.php\/wp-json\/wp\/v2\/pages\/8\/revisions\/168"}],"wp:attachment":[{"href":"https:\/\/lgconsultoriaecoaching.com.cv\/index.php\/wp-json\/wp\/v2\/media?parent=8"}],"curies":[{"name":"wp","href":"https:\/\/api.w.org\/{rel}","templated":true}]}}