{"id":12,"date":"2023-02-07T13:50:54","date_gmt":"2023-02-07T13:50:54","guid":{"rendered":"https:\/\/lgconsultoriaecoaching.com.cv\/?page_id=12"},"modified":"2023-06-27T10:06:56","modified_gmt":"2023-06-27T10:06:56","slug":"servicos","status":"publish","type":"page","link":"https:\/\/lgconsultoriaecoaching.com.cv\/index.php\/servicos\/","title":{"rendered":"SERVI\u00c7OS"},"content":{"rendered":"\n<div class=\"wp-block-group is-nowrap is-layout-flex wp-container-core-group-is-layout-6c531013 wp-block-group-is-layout-flex\">\n<p class=\"has-regular-font-size\"><a href=\"https:\/\/lgconsultoriaecoaching.com.cv\/index.php\/servicos\"><img loading=\"lazy\" decoding=\"async\" width=\"150\" height=\"100\" class=\"wp-image-43\" style=\"width: 150px;\" src=\"https:\/\/lgconsultoriaecoaching.com.cv\/wp-content\/uploads\/2023\/02\/consultoria-fia-o-que-e.jpg\" alt=\"\" srcset=\"https:\/\/lgconsultoriaecoaching.com.cv\/wp-content\/uploads\/2023\/02\/consultoria-fia-o-que-e.jpg 1000w, https:\/\/lgconsultoriaecoaching.com.cv\/wp-content\/uploads\/2023\/02\/consultoria-fia-o-que-e-300x200.jpg 300w, https:\/\/lgconsultoriaecoaching.com.cv\/wp-content\/uploads\/2023\/02\/consultoria-fia-o-que-e-768x512.jpg 768w\" sizes=\"auto, (max-width: 150px) 100vw, 150px\" \/><\/a><\/p>\n\n\n\n<div class=\"wp-block-group is-vertical is-layout-flex wp-container-core-group-is-layout-fe9cc265 wp-block-group-is-layout-flex\">\n<p class=\"has-small-font-size\"><strong>CONSULTORIA EMPRESARIAL<\/strong><\/p>\n\n\n\n<div class=\"wp-block-group is-vertical is-layout-flex wp-container-core-group-is-layout-fe9cc265 wp-block-group-is-layout-flex\">\n<p><strong><a href=\"https:\/\/lgconsultoriaecoaching.com.cv\/index.php\/formulario\/\">Plano de Neg\u00f3cio <\/a><\/strong><\/p>\n\n\n\n<p><strong><a href=\"https:\/\/lgconsultoriaecoaching.com.cv\/index.php\/formulario\/\">Estudo de Viabilidade<\/a><\/strong><\/p>\n\n\n\n<p><a href=\"https:\/\/lgconsultoriaecoaching.com.cv\/index.php\/formulario\/\"><strong>Plano de I. Marketing; II. Endomarketing<\/strong><\/a><\/p>\n\n\n\n<p><strong><a href=\"https:\/\/lgconsultoriaecoaching.com.cv\/index.php\/formulario\/\">Plano de Responsabilidade Social Corporativa<\/a><\/strong><\/p>\n\n\n\n<p><strong><a href=\"https:\/\/lgconsultoriaecoaching.com.cv\/index.php\/formulario\/\">Estrat\u00e9gia de Neg\u00f3cios<\/a><\/strong><\/p>\n\n\n\n<p><strong><a href=\"https:\/\/lgconsultoriaecoaching.com.cv\/index.php\/formulario\/\">Assist\u00eancia\/Assessoria T\u00e9cnica e Empresarial<\/a><\/strong><\/p>\n\n\n\n<p><strong><a href=\"https:\/\/lgconsultoriaecoaching.com.cv\/index.php\/formulario\/\">Gest\u00e3o de Pessoas: Estrat\u00e9gia; Sele\u00e7\u00e3o e Recrutamento<\/a><\/strong><\/p>\n<\/div>\n<\/div>\n\n\n\n<p class=\"has-regular-font-size\"><a href=\"https:\/\/lgconsultoriaecoaching.com.cv\/index.php\/formulario\/\"><img loading=\"lazy\" decoding=\"async\" width=\"150\" height=\"90\" class=\"wp-image-45\" style=\"width: 150px;\" src=\"https:\/\/lgconsultoriaecoaching.com.cv\/wp-content\/uploads\/2023\/02\/marketing_digital.jpg\" alt=\"\" srcset=\"https:\/\/lgconsultoriaecoaching.com.cv\/wp-content\/uploads\/2023\/02\/marketing_digital.jpg 1000w, https:\/\/lgconsultoriaecoaching.com.cv\/wp-content\/uploads\/2023\/02\/marketing_digital-300x180.jpg 300w, https:\/\/lgconsultoriaecoaching.com.cv\/wp-content\/uploads\/2023\/02\/marketing_digital-768x461.jpg 768w\" sizes=\"auto, (max-width: 150px) 100vw, 150px\" \/><\/a><\/p>\n\n\n\n<div class=\"wp-block-group is-vertical is-layout-flex wp-container-core-group-is-layout-fe9cc265 wp-block-group-is-layout-flex\">\n<p class=\"has-small-font-size\"><strong>ECONOMIA DIGITAL E GEST\u00c3O DE REDES SOCIAIS<\/strong><\/p>\n\n\n\n<div class=\"wp-block-group is-vertical is-layout-flex wp-container-core-group-is-layout-fe9cc265 wp-block-group-is-layout-flex\">\n<p><a href=\"https:\/\/lgconsultoriaecoaching.com.cv\/index.php\/formulario\/\"><strong>Gest\u00e3o de Redes Sociais<\/strong> <\/a><\/p>\n\n\n\n<p><a href=\"https:\/\/lgconsultoriaecoaching.com.cv\/index.php\/formulario\/\"><strong>Servi\u00e7os de Marketing Digital<\/strong><\/a><\/p>\n\n\n\n<p><a href=\"https:\/\/lgconsultoriaecoaching.com.cv\/index.php\/formulario\/\"><strong>Cria\u00e7\u00e3o e Manuten\u00e7\u00e3o de Sites<\/strong>  <\/a><\/p>\n\n\n\n<p><a href=\"https:\/\/lgconsultoriaecoaching.com.cv\/index.php\/formulario\/\"><strong>e-Commerce Plan<\/strong><\/a><\/p>\n\n\n\n<p><strong><a href=\"https:\/\/lgconsultoriaecoaching.com.cv\/index.php\/formulario\/\">Social M\u00e9dia Plan<\/a><\/strong><\/p>\n\n\n\n<p><a href=\"https:\/\/lgconsultoriaecoaching.com.cv\/index.php\/formulario\/\"><strong>Plano de Posicionamento Web\/SEO<\/strong><\/a><\/p>\n\n\n\n<p><strong><a href=\"https:\/\/lgconsultoriaecoaching.com.cv\/index.php\/formulario\/\">Plano de Big Data Marketing<\/a><\/strong><\/p>\n\n\n\n<p><strong><a href=\"https:\/\/lgconsultoriaecoaching.com.cv\/index.php\/formulario\/\">Plano de Big Data &amp; Business Intelligence<\/a><\/strong><\/p>\n\n\n\n<p><strong><a href=\"https:\/\/lgconsultoriaecoaching.com.cv\/index.php\/formulario\/\">Customer Analytics Plan<\/a><\/strong><\/p>\n<\/div>\n<\/div>\n\n\n\n<p class=\"has-regular-font-size\"><a href=\"https:\/\/lgconsultoriaecoaching.com.cv\/index.php\/formulario\/\"><img loading=\"lazy\" decoding=\"async\" width=\"150\" height=\"79\" class=\"wp-image-169\" style=\"width: 150px;\" src=\"https:\/\/lgconsultoriaecoaching.com.cv\/wp-content\/uploads\/2023\/02\/My-project-1-2.png\" alt=\"\" srcset=\"https:\/\/lgconsultoriaecoaching.com.cv\/wp-content\/uploads\/2023\/02\/My-project-1-2.png 1200w, https:\/\/lgconsultoriaecoaching.com.cv\/wp-content\/uploads\/2023\/02\/My-project-1-2-300x157.png 300w, https:\/\/lgconsultoriaecoaching.com.cv\/wp-content\/uploads\/2023\/02\/My-project-1-2-1024x536.png 1024w, https:\/\/lgconsultoriaecoaching.com.cv\/wp-content\/uploads\/2023\/02\/My-project-1-2-768x402.png 768w\" sizes=\"auto, (max-width: 150px) 100vw, 150px\" \/><\/a><\/p>\n\n\n\n<div class=\"wp-block-group is-vertical is-layout-flex wp-container-core-group-is-layout-fe9cc265 wp-block-group-is-layout-flex\">\n<p class=\"has-small-font-size\"><strong>COACHING<\/strong><\/p>\n\n\n\n<div class=\"wp-block-group is-vertical is-layout-flex wp-container-core-group-is-layout-fe9cc265 wp-block-group-is-layout-flex\">\n<p><strong><a href=\"https:\/\/lgconsultoriaecoaching.com.cv\/index.php\/formulario\/\">Executivo<\/a><\/strong><\/p>\n\n\n\n<p><strong><a href=\"https:\/\/lgconsultoriaecoaching.com.cv\/index.php\/formulario\/\">Pessoal e de Vida<\/a><\/strong><\/p>\n<\/div>\n<\/div>\n<\/div>\n","protected":false},"excerpt":{"rendered":"<p>CONSULTORIA EMPRESARIAL Plano de Neg\u00f3cio Estudo de Viabilidade Plano de I. Marketing; II. Endomarketing Plano de Responsabilidade Social Corporativa Estrat\u00e9gia de Neg\u00f3cios Assist\u00eancia\/Assessoria T\u00e9cnica e Empresarial Gest\u00e3o de Pessoas: Estrat\u00e9gia; Sele\u00e7\u00e3o e Recrutamento ECONOMIA DIGITAL E GEST\u00c3O DE REDES SOCIAIS Gest\u00e3o de Redes Sociais Servi\u00e7os de Marketing Digital Cria\u00e7\u00e3o e Manuten\u00e7\u00e3o de Sites e-Commerce Plan [&hellip;]<\/p>\n","protected":false},"author":1,"featured_media":0,"parent":0,"menu_order":0,"comment_status":"closed","ping_status":"closed","template":"","meta":{"footnotes":""},"class_list":["post-12","page","type-page","status-publish","hentry"],"_links":{"self":[{"href":"https:\/\/lgconsultoriaecoaching.com.cv\/index.php\/wp-json\/wp\/v2\/pages\/12","targetHints":{"allow":["GET"]}}],"collection":[{"href":"https:\/\/lgconsultoriaecoaching.com.cv\/index.php\/wp-json\/wp\/v2\/pages"}],"about":[{"href":"https:\/\/lgconsultoriaecoaching.com.cv\/index.php\/wp-json\/wp\/v2\/types\/page"}],"author":[{"embeddable":true,"href":"https:\/\/lgconsultoriaecoaching.com.cv\/index.php\/wp-json\/wp\/v2\/users\/1"}],"replies":[{"embeddable":true,"href":"https:\/\/lgconsultoriaecoaching.com.cv\/index.php\/wp-json\/wp\/v2\/comments?post=12"}],"version-history":[{"count":55,"href":"https:\/\/lgconsultoriaecoaching.com.cv\/index.php\/wp-json\/wp\/v2\/pages\/12\/revisions"}],"predecessor-version":[{"id":295,"href":"https:\/\/lgconsultoriaecoaching.com.cv\/index.php\/wp-json\/wp\/v2\/pages\/12\/revisions\/295"}],"wp:attachment":[{"href":"https:\/\/lgconsultoriaecoaching.com.cv\/index.php\/wp-json\/wp\/v2\/media?parent=12"}],"curies":[{"name":"wp","href":"https:\/\/api.w.org\/{rel}","templated":true}]}}