{"id":10,"date":"2023-02-07T13:50:44","date_gmt":"2023-02-07T13:50:44","guid":{"rendered":"https:\/\/lgconsultoriaecoaching.com.cv\/?page_id=10"},"modified":"2023-02-08T16:13:21","modified_gmt":"2023-02-08T16:13:21","slug":"visao-missao-valores","status":"publish","type":"page","link":"https:\/\/lgconsultoriaecoaching.com.cv\/index.php\/visao-missao-valores\/","title":{"rendered":"VIS\u00c3O | MISS\u00c3O | VALORES"},"content":{"rendered":"\n<p class=\"has-text-align-center has-background-color has-text-color has-regular-font-size\"><strong>VIS\u00c3O<\/strong><\/p>\n\n\n\n<p class=\"has-text-align-center has-background-color has-luminous-vivid-amber-background-color has-text-color has-background has-medium-font-size\"><strong>Conquistar um excelente posicionamento no mercado e ser reconhecido como uma empresa econ\u00f3mica e socialmente respons\u00e1vel<\/strong><\/p>\n\n\n\n<p class=\"has-text-align-center has-background-color has-text-color has-regular-font-size\"><strong>MISS\u00c3O<\/strong><\/p>\n\n\n\n<p class=\"has-text-align-center has-background-color has-luminous-vivid-amber-background-color has-text-color has-background has-medium-font-size\"><strong>Prestar um servi\u00e7o de qualidade, inspirar e contribuir efetivamente para o desenvolvimento e cria\u00e7\u00e3o de valor sustent\u00e1vel aos nossos clientes, atrav\u00e9s de solu\u00e7\u00f5es estrat\u00e9gicas e concretas.<\/strong><\/p>\n\n\n\n<p class=\"has-text-align-center has-background-color has-text-color has-regular-font-size\"><strong>VALORES<\/strong><\/p>\n\n\n\n<p class=\"has-text-align-center has-background-color has-luminous-vivid-amber-background-color has-text-color has-background has-medium-font-size\"><strong>Responsabilidade Social com os direitos de inclus\u00e3o social e sustentabilidade ambiental<\/strong><\/p>\n\n\n\n<p class=\"has-text-align-center has-background-color has-luminous-vivid-amber-background-color has-text-color has-background has-medium-font-size\"><strong>Assegurar Qualidade em todos os servi\u00e7os prestados<\/strong><\/p>\n\n\n\n<p class=\"has-text-align-center has-background-color has-luminous-vivid-amber-background-color has-text-color has-background has-medium-font-size\"><strong>Confidencialidade, Confian\u00e7a e Transpar\u00eancia em todos os processos de intera\u00e7\u00e3o com clientes, honrando todos os procedimentos de forma clara<\/strong><\/p>\n\n\n\n<p class=\"has-text-align-center has-background-color has-luminous-vivid-amber-background-color has-text-color has-background has-medium-font-size\"><strong>Autenticidade e Inspira\u00e7\u00e3o no conte\u00fado partilhado<\/strong><\/p>\n\n\n\n<p class=\"has-text-align-center has-background-color has-luminous-vivid-amber-background-color has-text-color has-background has-medium-font-size\"><strong>Criatividade e inova\u00e7\u00e3o<\/strong><\/p>\n","protected":false},"excerpt":{"rendered":"<p>VIS\u00c3O Conquistar um excelente posicionamento no mercado e ser reconhecido como uma empresa econ\u00f3mica e socialmente respons\u00e1vel MISS\u00c3O Prestar um servi\u00e7o de qualidade, inspirar e contribuir efetivamente para o desenvolvimento e cria\u00e7\u00e3o de valor sustent\u00e1vel aos nossos clientes, atrav\u00e9s de solu\u00e7\u00f5es estrat\u00e9gicas e concretas. VALORES Responsabilidade Social com os direitos de inclus\u00e3o social e sustentabilidade [&hellip;]<\/p>\n","protected":false},"author":1,"featured_media":0,"parent":0,"menu_order":0,"comment_status":"closed","ping_status":"closed","template":"","meta":{"footnotes":""},"class_list":["post-10","page","type-page","status-publish","hentry"],"_links":{"self":[{"href":"https:\/\/lgconsultoriaecoaching.com.cv\/index.php\/wp-json\/wp\/v2\/pages\/10","targetHints":{"allow":["GET"]}}],"collection":[{"href":"https:\/\/lgconsultoriaecoaching.com.cv\/index.php\/wp-json\/wp\/v2\/pages"}],"about":[{"href":"https:\/\/lgconsultoriaecoaching.com.cv\/index.php\/wp-json\/wp\/v2\/types\/page"}],"author":[{"embeddable":true,"href":"https:\/\/lgconsultoriaecoaching.com.cv\/index.php\/wp-json\/wp\/v2\/users\/1"}],"replies":[{"embeddable":true,"href":"https:\/\/lgconsultoriaecoaching.com.cv\/index.php\/wp-json\/wp\/v2\/comments?post=10"}],"version-history":[{"count":3,"href":"https:\/\/lgconsultoriaecoaching.com.cv\/index.php\/wp-json\/wp\/v2\/pages\/10\/revisions"}],"predecessor-version":[{"id":156,"href":"https:\/\/lgconsultoriaecoaching.com.cv\/index.php\/wp-json\/wp\/v2\/pages\/10\/revisions\/156"}],"wp:attachment":[{"href":"https:\/\/lgconsultoriaecoaching.com.cv\/index.php\/wp-json\/wp\/v2\/media?parent=10"}],"curies":[{"name":"wp","href":"https:\/\/api.w.org\/{rel}","templated":true}]}}